{"id":250,"date":"2026-03-22T05:47:22","date_gmt":"2026-03-22T05:47:22","guid":{"rendered":"https:\/\/mobilezone.azdigi.shop\/?post_type=product&#038;p=250"},"modified":"2026-04-19T06:12:21","modified_gmt":"2026-04-19T06:12:21","slug":"xiaomi-17-ultra-danh-gia-cau-hinh-camera-flagship","status":"publish","type":"product","link":"https:\/\/mobilezone.azdigi.shop\/?product=xiaomi-17-ultra-danh-gia-cau-hinh-camera-flagship","title":{"rendered":"Xiaomi 17 Ultra"},"content":{"rendered":"<table>\n<tr>\n<th>Th\u00f4ng s\u1ed1<\/th>\n<th>Chi ti\u1ebft<\/th>\n<\/tr>\n<tr>\n<td>M\u00e0n h\u00ecnh<\/td>\n<td>6.9 inch HyperRGB OLED, 2K (2608 \u00d7 1200), LTPO 1\u2013120Hz, Dolby Vision, HDR10+, \u0111\u1ed9 s\u00e1ng ~3500 nits<\/td>\n<\/tr>\n<tr>\n<td>Chipset<\/td>\n<td>:contentReference[oaicite:0]{index=0} (3nm, Oryon CPU)<\/td>\n<\/tr>\n<tr>\n<td>RAM<\/td>\n<td>16GB LPDDR5X<\/td>\n<\/tr>\n<tr>\n<td>B\u1ed9 nh\u1edb trong<\/td>\n<td>512GB \/ 1TB UFS 4.1<\/td>\n<\/tr>\n<tr>\n<td>Camera sau<\/td>\n<td>50MP (ch\u00ednh 1 inch, Leica) + 50MP (g\u00f3c si\u00eau r\u1ed9ng) + 200MP (tele 75\u2013100mm zoom quang h\u1ecdc li\u00ean t\u1ee5c)<\/td>\n<\/tr>\n<tr>\n<td>Camera tr\u01b0\u1edbc<\/td>\n<td>50MP (AF, quay 4K)<\/td>\n<\/tr>\n<tr>\n<td>Pin<\/td>\n<td>6000mAh<\/td>\n<\/tr>\n<tr>\n<td>S\u1ea1c<\/td>\n<td>90W c\u00f3 d\u00e2y, 50W kh\u00f4ng d\u00e2y, s\u1ea1c nhanh PD\/PPS<\/td>\n<\/tr>\n<tr>\n<td>H\u1ec7 \u0111i\u1ec1u h\u00e0nh<\/td>\n<td>Android 16, HyperOS 3<\/td>\n<\/tr>\n<tr>\n<td>K\u1ebft n\u1ed1i<\/td>\n<td>5G, Wi-Fi 7, Bluetooth 6.0, NFC, USB-C 3.2<\/td>\n<\/tr>\n<tr>\n<td>Ch\u1ed1ng n\u01b0\u1edbc<\/td>\n<td>IP68<\/td>\n<\/tr>\n<tr>\n<td>Tr\u1ecdng l\u01b0\u1ee3ng<\/td>\n<td>~218\u2013219g<\/td>\n<\/tr>\n<tr>\n<td>M\u00e0u s\u1eafc<\/td>\n<td>\u0110en, Tr\u1eafng, Xanh Starlit<\/td>\n<\/tr>\n<\/table>\n<p>Xiaomi 17 Ultra \u2013 Flagship camera Leica, hi\u1ec7u n\u0103ng \u0111\u1ec9nh v\u00e0 m\u00e0n h\u00ecnh si\u00eau s\u00e1ng<\/p>\n<p>Xiaomi 17 Ultra l\u00e0 chi\u1ebfc smartphone flagship cao c\u1ea5p m\u1edbi nh\u1ea5t c\u1ee7a Xiaomi, n\u1ed5i b\u1eadt v\u1edbi thi\u1ebft k\u1ebf tinh t\u1ebf, hi\u1ec7u n\u0103ng m\u1ea1nh m\u1ebd v\u00e0 h\u1ec7 th\u1ed1ng camera \u0111\u1ec9nh cao Leica \u2013 ho\u00e0n h\u1ea3o cho c\u1ea3 ng\u01b0\u1eddi d\u00f9ng y\u00eau c\u00f4ng ngh\u1ec7 l\u1eabn nhi\u1ebfp \u1ea3nh di \u0111\u1ed9ng chuy\u00ean nghi\u1ec7p. <\/p>\n<p>M\u00e1y \u0111\u01b0\u1ee3c trang b\u1ecb chip Snapdragon\u202f8\u202fElite\u202fGen\u202f5 hi\u1ec7n \u0111\u1ea1i, \u0111\u1ea3m b\u1ea3o x\u1eed l\u00fd m\u01b0\u1ee3t m\u1ecdi t\u00e1c v\u1ee5 t\u1eeb \u0111a nhi\u1ec7m, ch\u01a1i game n\u1eb7ng \u0111\u1ebfn ch\u1ec9nh s\u1eeda video. B\u1ed9 nh\u1edb RAM l\u1edbn v\u1edbi tu\u1ef3 ch\u1ecdn 16\u202fGB + 512\u202fGB\/1\u202fTB gi\u00fap m\u00e1y l\u01b0u tr\u1eef r\u1ed9ng v\u00e0 ho\u1ea1t \u0111\u1ed9ng \u1ed5n \u0111\u1ecbnh l\u00e2u d\u00e0i. <\/p>\n<p>M\u00e0n h\u00ecnh AMOLED 6.9\u202finch LTPO \u0111\u1ed9 ph\u00e2n gi\u1ea3i 2608\u202f\u00d7\u202f1200, h\u1ed7 tr\u1ee3 t\u1ea7n s\u1ed1 qu\u00e9t 1\u2013120\u202fHz v\u00e0 \u0111\u1ed9 s\u00e1ng c\u1ef1c cao 3500\u202fnits, mang \u0111\u1ebfn tr\u1ea3i nghi\u1ec7m h\u00ecnh \u1ea3nh s\u1eafc n\u00e9t, m\u00e0u s\u1eafc s\u1ed1ng \u0111\u1ed9ng v\u00e0 hi\u1ec3n th\u1ecb t\u1ed1t ngay c\u1ea3 ngo\u00e0i tr\u1eddi. <\/p>\n<p>\u0110i\u1ec3m m\u1ea1nh l\u1edbn c\u1ee7a Xiaomi 17 Ultra l\u00e0 h\u1ec7 th\u1ed1ng camera Leica, g\u1ed3m:<\/p>\n<p>Camera ch\u00ednh 50\u202fMP c\u1ea3m bi\u1ebfn 1\u2033 v\u1edbi c\u00f4ng ngh\u1ec7 Light Fusion 1050L cho \u1ea3nh c\u1ef1c chi ti\u1ebft v\u00e0 d\u1ea3i s\u00e1ng r\u1ed9ng.<br \/>\nCamera tele 200\u202fMP v\u1edbi zoom quang h\u1ecdc c\u01a1 h\u1ecdc 75\u2013100\u202fmm, zoom k\u1ef9 thu\u1eadt s\u1ed1 cao cho \u1ea3nh xa r\u00f5 n\u00e9t.<br \/>\nCamera g\u00f3c si\u00eau r\u1ed9ng 50\u202fMP cho \u1ea3nh phong c\u1ea3nh \u201ch\u00f9ng v\u0129\u201d.<br \/>\nCamera selfie 50\u202fMP cho \u1ea3nh t\u1ef1 nhi\u00ean, chi ti\u1ebft. <\/p>\n<p>H\u1ec7 th\u1ed1ng ghi h\u00ecnh c\u00f2n h\u1ed7 tr\u1ee3 video 8K\/4K Dolby Vision, ch\u1ebf \u0111\u1ed9 Pro, quay HDR, gi\u00fap b\u1ea1n th\u1ecfa s\u1ee9c s\u00e1ng t\u1ea1o n\u1ed9i dung ch\u1ea5t l\u01b0\u1ee3ng cao. <\/p>\n<p>V\u1ec1 pin, m\u00e1y trang b\u1ecb 6000\u202fmAh \u2013 \u0111\u1ee7 d\u00f9ng c\u1ea3 ng\u00e0y \u2013 c\u00f9ng s\u1ea1c nhanh 90\u202fW v\u00e0 s\u1ea1c nhanh kh\u00f4ng d\u00e2y 50\u202fW, gi\u00fap b\u1ea1n lu\u00f4n \u0111\u1ea7y n\u0103ng l\u01b0\u1ee3ng nhanh ch\u00f3ng khi c\u1ea7n. <\/p>\n<p>Thi\u1ebft k\u1ebf c\u1ee7a Xiaomi 17 Ultra m\u1ecfng nh\u1eb9 v\u1edbi khung kim lo\u1ea1i, m\u1eb7t k\u00ednh cao c\u1ea5p k\u00e8m kh\u1ea3 n\u0103ng ch\u1ed1ng n\u01b0\u1edbc IP68. M\u00e1y ch\u1ea1y HyperOS 3 tr\u00ean n\u1ec1n Android 16, h\u1ed7 tr\u1ee3 nhi\u1ec1u t\u00ednh n\u0103ng AI v\u00e0 k\u1ebft n\u1ed1i hi\u1ec7n \u0111\u1ea1i. <\/p>\n<p>T\u1ed5ng k\u1ebft, Xiaomi\u202f17\u202fUltra l\u00e0 l\u1ef1a ch\u1ecdn smartphone flagship to\u00e0n di\u1ec7n v\u1edbi m\u00e0n h\u00ecnh \u0111\u1eb9p, hi\u1ec7u n\u0103ng m\u1ea1nh, camera Leica chuy\u00ean nghi\u1ec7p v\u00e0 pin t\u1ed1t \u2013 \u0111\u1eb7c bi\u1ec7t d\u00e0nh cho ng\u01b0\u1eddi d\u00f9ng \u0111am m\u00ea nhi\u1ebfp \u1ea3nh v\u00e0 s\u00e1ng t\u1ea1o n\u1ed9i dung. <\/p>\n","protected":false},"excerpt":{"rendered":"<p>Th\u00f4ng s\u1ed1 Chi ti\u1ebft M\u00e0n h\u00ecnh 6.9 inch HyperRGB OLED, 2K (2608 \u00d7 1200), LTPO 1\u2013120Hz, Dolby Vision, HDR10+, \u0111\u1ed9 s\u00e1ng ~3500 nits Chipset :contentReference[oaicite:0]{index=0} (3nm, Oryon CPU) RAM 16GB LPDDR5X B\u1ed9 nh\u1edb trong 512GB \/ 1TB UFS 4.1 Camera sau 50MP (ch\u00ednh 1 inch, Leica) + 50MP (g\u00f3c si\u00eau r\u1ed9ng) + 200MP (tele 75\u2013100mm [&#8230;]\n","protected":false},"featured_media":612,"comment_status":"open","ping_status":"closed","template":"","meta":{"_acf_changed":false},"product_brand":[],"product_cat":[20],"product_tag":[],"class_list":{"0":"post-250","1":"product","2":"type-product","3":"status-publish","4":"has-post-thumbnail","6":"product_cat-xiaomi","8":"first","9":"instock","10":"sale","11":"shipping-taxable","12":"purchasable","13":"product-type-variable","14":"has-default-attributes"},"acf":[],"yoast_head":"<!-- This site is optimized with the Yoast SEO plugin v26.9 - https:\/\/yoast.com\/product\/yoast-seo-wordpress\/ -->\n<title>Xiaomi 17 Ultra -<\/title>\n<meta name=\"description\" content=\"Xiaomi 17 Ultra 5G s\u1edf h\u1eefu Snapdragon 8 Elite Gen 5, m\u00e0n 6.9\u2033 120Hz, camera Leica 50MP + 200MP telephoto v\u00e0 pin 6000mAh. \u0110\u00e1nh gi\u00e1 chi ti\u1ebft hi\u1ec7u n\u0103ng v\u00e0 t\u00ednh n\u0103ng cao c\u1ea5p\" \/>\n<meta name=\"robots\" content=\"index, follow, max-snippet:-1, max-image-preview:large, max-video-preview:-1\" \/>\n<link rel=\"canonical\" href=\"https:\/\/mobilezone.azdigi.shop\/?product=xiaomi-17-ultra-danh-gia-cau-hinh-camera-flagship\" \/>\n<meta property=\"og:locale\" content=\"vi_VN\" \/>\n<meta property=\"og:type\" content=\"article\" \/>\n<meta property=\"og:title\" content=\"Xiaomi 17 Ultra -\" \/>\n<meta property=\"og:description\" content=\"Xiaomi 17 Ultra 5G s\u1edf h\u1eefu Snapdragon 8 Elite Gen 5, m\u00e0n 6.9\u2033 120Hz, camera Leica 50MP + 200MP telephoto v\u00e0 pin 6000mAh. \u0110\u00e1nh gi\u00e1 chi ti\u1ebft hi\u1ec7u n\u0103ng v\u00e0 t\u00ednh n\u0103ng cao c\u1ea5p\" \/>\n<meta property=\"og:url\" content=\"https:\/\/mobilezone.azdigi.shop\/?product=xiaomi-17-ultra-danh-gia-cau-hinh-camera-flagship\" \/>\n<meta property=\"article:modified_time\" content=\"2026-04-19T06:12:21+00:00\" \/>\n<meta property=\"og:image\" content=\"https:\/\/mobilezone.azdigi.shop\/wp-content\/uploads\/2026\/03\/xiaomi-17-ultra-5g-mau-2-removebg-preview.png\" \/>\n\t<meta property=\"og:image:width\" content=\"499\" \/>\n\t<meta property=\"og:image:height\" content=\"500\" \/>\n\t<meta property=\"og:image:type\" content=\"image\/png\" \/>\n<meta name=\"twitter:card\" content=\"summary_large_image\" \/>\n<meta name=\"twitter:label1\" content=\"\u01af\u1edbc t\u00ednh th\u1eddi gian \u0111\u1ecdc\" \/>\n\t<meta name=\"twitter:data1\" content=\"3 ph\u00fat\" \/>\n<script type=\"application\/ld+json\" class=\"yoast-schema-graph\">{\"@context\":\"https:\/\/schema.org\",\"@graph\":[{\"@type\":\"WebPage\",\"@id\":\"https:\/\/mobilezone.azdigi.shop\/?product=xiaomi-17-ultra-danh-gia-cau-hinh-camera-flagship\",\"url\":\"https:\/\/mobilezone.azdigi.shop\/?product=xiaomi-17-ultra-danh-gia-cau-hinh-camera-flagship\",\"name\":\"Xiaomi 17 Ultra -\",\"isPartOf\":{\"@id\":\"https:\/\/mobilezone.azdigi.shop\/#website\"},\"primaryImageOfPage\":{\"@id\":\"https:\/\/mobilezone.azdigi.shop\/?product=xiaomi-17-ultra-danh-gia-cau-hinh-camera-flagship#primaryimage\"},\"image\":{\"@id\":\"https:\/\/mobilezone.azdigi.shop\/?product=xiaomi-17-ultra-danh-gia-cau-hinh-camera-flagship#primaryimage\"},\"thumbnailUrl\":\"https:\/\/mobilezone.azdigi.shop\/wp-content\/uploads\/2026\/03\/xiaomi-17-ultra-5g-mau-2-removebg-preview.png\",\"datePublished\":\"2026-03-22T05:47:22+00:00\",\"dateModified\":\"2026-04-19T06:12:21+00:00\",\"description\":\"Xiaomi 17 Ultra 5G s\u1edf h\u1eefu Snapdragon 8 Elite Gen 5, m\u00e0n 6.9\u2033 120Hz, camera Leica 50MP + 200MP telephoto v\u00e0 pin 6000mAh. \u0110\u00e1nh gi\u00e1 chi ti\u1ebft hi\u1ec7u n\u0103ng v\u00e0 t\u00ednh n\u0103ng cao c\u1ea5p\",\"breadcrumb\":{\"@id\":\"https:\/\/mobilezone.azdigi.shop\/?product=xiaomi-17-ultra-danh-gia-cau-hinh-camera-flagship#breadcrumb\"},\"inLanguage\":\"vi\",\"potentialAction\":[{\"@type\":\"ReadAction\",\"target\":[\"https:\/\/mobilezone.azdigi.shop\/?product=xiaomi-17-ultra-danh-gia-cau-hinh-camera-flagship\"]}]},{\"@type\":\"ImageObject\",\"inLanguage\":\"vi\",\"@id\":\"https:\/\/mobilezone.azdigi.shop\/?product=xiaomi-17-ultra-danh-gia-cau-hinh-camera-flagship#primaryimage\",\"url\":\"https:\/\/mobilezone.azdigi.shop\/wp-content\/uploads\/2026\/03\/xiaomi-17-ultra-5g-mau-2-removebg-preview.png\",\"contentUrl\":\"https:\/\/mobilezone.azdigi.shop\/wp-content\/uploads\/2026\/03\/xiaomi-17-ultra-5g-mau-2-removebg-preview.png\",\"width\":499,\"height\":500},{\"@type\":\"BreadcrumbList\",\"@id\":\"https:\/\/mobilezone.azdigi.shop\/?product=xiaomi-17-ultra-danh-gia-cau-hinh-camera-flagship#breadcrumb\",\"itemListElement\":[{\"@type\":\"ListItem\",\"position\":1,\"name\":\"Trang ch\u1ee7\",\"item\":\"https:\/\/mobilezone.azdigi.shop\/\"},{\"@type\":\"ListItem\",\"position\":2,\"name\":\"Danh m\u1ee5c s\u1ea3n ph\u1ea9m\",\"item\":\"https:\/\/mobilezone.azdigi.shop\/?page_id=7\"},{\"@type\":\"ListItem\",\"position\":3,\"name\":\"Xiaomi 17 Ultra\"}]},{\"@type\":\"WebSite\",\"@id\":\"https:\/\/mobilezone.azdigi.shop\/#website\",\"url\":\"https:\/\/mobilezone.azdigi.shop\/\",\"name\":\"\",\"description\":\"\",\"potentialAction\":[{\"@type\":\"SearchAction\",\"target\":{\"@type\":\"EntryPoint\",\"urlTemplate\":\"https:\/\/mobilezone.azdigi.shop\/?s={search_term_string}\"},\"query-input\":{\"@type\":\"PropertyValueSpecification\",\"valueRequired\":true,\"valueName\":\"search_term_string\"}}],\"inLanguage\":\"vi\"}]}<\/script>\n<!-- \/ Yoast SEO plugin. -->","yoast_head_json":{"title":"Xiaomi 17 Ultra -","description":"Xiaomi 17 Ultra 5G s\u1edf h\u1eefu Snapdragon 8 Elite Gen 5, m\u00e0n 6.9\u2033 120Hz, camera Leica 50MP + 200MP telephoto v\u00e0 pin 6000mAh. \u0110\u00e1nh gi\u00e1 chi ti\u1ebft hi\u1ec7u n\u0103ng v\u00e0 t\u00ednh n\u0103ng cao c\u1ea5p","robots":{"index":"index","follow":"follow","max-snippet":"max-snippet:-1","max-image-preview":"max-image-preview:large","max-video-preview":"max-video-preview:-1"},"canonical":"https:\/\/mobilezone.azdigi.shop\/?product=xiaomi-17-ultra-danh-gia-cau-hinh-camera-flagship","og_locale":"vi_VN","og_type":"article","og_title":"Xiaomi 17 Ultra -","og_description":"Xiaomi 17 Ultra 5G s\u1edf h\u1eefu Snapdragon 8 Elite Gen 5, m\u00e0n 6.9\u2033 120Hz, camera Leica 50MP + 200MP telephoto v\u00e0 pin 6000mAh. \u0110\u00e1nh gi\u00e1 chi ti\u1ebft hi\u1ec7u n\u0103ng v\u00e0 t\u00ednh n\u0103ng cao c\u1ea5p","og_url":"https:\/\/mobilezone.azdigi.shop\/?product=xiaomi-17-ultra-danh-gia-cau-hinh-camera-flagship","article_modified_time":"2026-04-19T06:12:21+00:00","og_image":[{"width":499,"height":500,"url":"https:\/\/mobilezone.azdigi.shop\/wp-content\/uploads\/2026\/03\/xiaomi-17-ultra-5g-mau-2-removebg-preview.png","type":"image\/png"}],"twitter_card":"summary_large_image","twitter_misc":{"\u01af\u1edbc t\u00ednh th\u1eddi gian \u0111\u1ecdc":"3 ph\u00fat"},"schema":{"@context":"https:\/\/schema.org","@graph":[{"@type":"WebPage","@id":"https:\/\/mobilezone.azdigi.shop\/?product=xiaomi-17-ultra-danh-gia-cau-hinh-camera-flagship","url":"https:\/\/mobilezone.azdigi.shop\/?product=xiaomi-17-ultra-danh-gia-cau-hinh-camera-flagship","name":"Xiaomi 17 Ultra -","isPartOf":{"@id":"https:\/\/mobilezone.azdigi.shop\/#website"},"primaryImageOfPage":{"@id":"https:\/\/mobilezone.azdigi.shop\/?product=xiaomi-17-ultra-danh-gia-cau-hinh-camera-flagship#primaryimage"},"image":{"@id":"https:\/\/mobilezone.azdigi.shop\/?product=xiaomi-17-ultra-danh-gia-cau-hinh-camera-flagship#primaryimage"},"thumbnailUrl":"https:\/\/mobilezone.azdigi.shop\/wp-content\/uploads\/2026\/03\/xiaomi-17-ultra-5g-mau-2-removebg-preview.png","datePublished":"2026-03-22T05:47:22+00:00","dateModified":"2026-04-19T06:12:21+00:00","description":"Xiaomi 17 Ultra 5G s\u1edf h\u1eefu Snapdragon 8 Elite Gen 5, m\u00e0n 6.9\u2033 120Hz, camera Leica 50MP + 200MP telephoto v\u00e0 pin 6000mAh. \u0110\u00e1nh gi\u00e1 chi ti\u1ebft hi\u1ec7u n\u0103ng v\u00e0 t\u00ednh n\u0103ng cao c\u1ea5p","breadcrumb":{"@id":"https:\/\/mobilezone.azdigi.shop\/?product=xiaomi-17-ultra-danh-gia-cau-hinh-camera-flagship#breadcrumb"},"inLanguage":"vi","potentialAction":[{"@type":"ReadAction","target":["https:\/\/mobilezone.azdigi.shop\/?product=xiaomi-17-ultra-danh-gia-cau-hinh-camera-flagship"]}]},{"@type":"ImageObject","inLanguage":"vi","@id":"https:\/\/mobilezone.azdigi.shop\/?product=xiaomi-17-ultra-danh-gia-cau-hinh-camera-flagship#primaryimage","url":"https:\/\/mobilezone.azdigi.shop\/wp-content\/uploads\/2026\/03\/xiaomi-17-ultra-5g-mau-2-removebg-preview.png","contentUrl":"https:\/\/mobilezone.azdigi.shop\/wp-content\/uploads\/2026\/03\/xiaomi-17-ultra-5g-mau-2-removebg-preview.png","width":499,"height":500},{"@type":"BreadcrumbList","@id":"https:\/\/mobilezone.azdigi.shop\/?product=xiaomi-17-ultra-danh-gia-cau-hinh-camera-flagship#breadcrumb","itemListElement":[{"@type":"ListItem","position":1,"name":"Trang ch\u1ee7","item":"https:\/\/mobilezone.azdigi.shop\/"},{"@type":"ListItem","position":2,"name":"Danh m\u1ee5c s\u1ea3n ph\u1ea9m","item":"https:\/\/mobilezone.azdigi.shop\/?page_id=7"},{"@type":"ListItem","position":3,"name":"Xiaomi 17 Ultra"}]},{"@type":"WebSite","@id":"https:\/\/mobilezone.azdigi.shop\/#website","url":"https:\/\/mobilezone.azdigi.shop\/","name":"","description":"","potentialAction":[{"@type":"SearchAction","target":{"@type":"EntryPoint","urlTemplate":"https:\/\/mobilezone.azdigi.shop\/?s={search_term_string}"},"query-input":{"@type":"PropertyValueSpecification","valueRequired":true,"valueName":"search_term_string"}}],"inLanguage":"vi"}]}},"_links":{"self":[{"href":"https:\/\/mobilezone.azdigi.shop\/index.php?rest_route=\/wp\/v2\/product\/250","targetHints":{"allow":["GET"]}}],"collection":[{"href":"https:\/\/mobilezone.azdigi.shop\/index.php?rest_route=\/wp\/v2\/product"}],"about":[{"href":"https:\/\/mobilezone.azdigi.shop\/index.php?rest_route=\/wp\/v2\/types\/product"}],"replies":[{"embeddable":true,"href":"https:\/\/mobilezone.azdigi.shop\/index.php?rest_route=%2Fwp%2Fv2%2Fcomments&post=250"}],"wp:featuredmedia":[{"embeddable":true,"href":"https:\/\/mobilezone.azdigi.shop\/index.php?rest_route=\/wp\/v2\/media\/612"}],"wp:attachment":[{"href":"https:\/\/mobilezone.azdigi.shop\/index.php?rest_route=%2Fwp%2Fv2%2Fmedia&parent=250"}],"wp:term":[{"taxonomy":"product_brand","embeddable":true,"href":"https:\/\/mobilezone.azdigi.shop\/index.php?rest_route=%2Fwp%2Fv2%2Fproduct_brand&post=250"},{"taxonomy":"product_cat","embeddable":true,"href":"https:\/\/mobilezone.azdigi.shop\/index.php?rest_route=%2Fwp%2Fv2%2Fproduct_cat&post=250"},{"taxonomy":"product_tag","embeddable":true,"href":"https:\/\/mobilezone.azdigi.shop\/index.php?rest_route=%2Fwp%2Fv2%2Fproduct_tag&post=250"}],"curies":[{"name":"wp","href":"https:\/\/api.w.org\/{rel}","templated":true}]}}