{"id":242,"date":"2026-03-22T05:27:44","date_gmt":"2026-03-22T05:27:44","guid":{"rendered":"https:\/\/mobilezone.azdigi.shop\/?post_type=product&#038;p=242"},"modified":"2026-04-18T21:38:52","modified_gmt":"2026-04-18T21:38:52","slug":"iqoo-13-5g-danh-gia-cau-hinh-man-hinh-camera","status":"publish","type":"product","link":"https:\/\/mobilezone.azdigi.shop\/?product=iqoo-13-5g-danh-gia-cau-hinh-man-hinh-camera","title":{"rendered":"IQOO 13"},"content":{"rendered":"<h2 id=\"mcetoc_1j2jn40nm1\">Th\u00f4ng s\u1ed1 c\u1ea5u h\u00ecnh iQOO 13 5G ra m\u1eaft<\/h2>\n<table cellpadding=\"10\">\n<tbody>\n<tr>\n<td>\n<p><strong>Th\u00e0nh ph\u1ea7n<\/strong><\/p>\n<\/td>\n<td>\n<p><strong>Th\u00f4ng s\u1ed1 chi ti\u1ebft<\/strong><\/p>\n<\/td>\n<\/tr>\n<tr>\n<td>\n<p><strong>M\u00e0n h\u00ecnh<\/strong><\/p>\n<\/td>\n<td>\n<p>LTPO\u00a0<a title=\"AMOLED\" href=\"https:\/\/hungmobile.vn\/tin-tuc\/man-hinh-amoled-la-gi.html\" target=\"_blank\" rel=\"dofollow noopener\">AMOLED<\/a>, 6.82 inch, 1440 x 3168 px,\u00a0<a title=\"144Hz\" href=\"https:\/\/hungmobile.vn\/tin-tuc\/tan-so-quet-man-hinh-la-gi.html\" target=\"_blank\" rel=\"dofollow noopener\">144Hz<\/a>,\u00a0<a title=\"HDR10\" href=\"https:\/\/hungmobile.vn\/tin-tuc\/hdr10-la-gi.html\" target=\"_blank\" rel=\"dofollow noopener\">HDR10<\/a>+, 1800\u00a0<a title=\"nits\" href=\"https:\/\/hungmobile.vn\/tin-tuc\/do-sang-nit-la-gi.html\" target=\"_blank\" rel=\"dofollow noopener\">nits<\/a><\/p>\n<\/td>\n<\/tr>\n<tr>\n<td>\n<p><strong>Vi x\u1eed l\u00fd<\/strong><\/p>\n<\/td>\n<td>\n<p>Snapdragon 8 Elite (3 nm)<\/p>\n<\/td>\n<\/tr>\n<tr>\n<td>\n<p><strong>RAM<\/strong><\/p>\n<\/td>\n<td>\n<p>12GB\/16GB<\/p>\n<\/td>\n<\/tr>\n<tr>\n<td>\n<p><strong>B\u1ed9 nh\u1edb trong<\/strong><\/p>\n<\/td>\n<td>\n<p>256GB\/512GB\/1TB UFS 4.0<\/p>\n<\/td>\n<\/tr>\n<tr>\n<td>\n<p><strong>Camera sau<\/strong><\/p>\n<\/td>\n<td>\n<p>Ch\u00ednh: 50 MP, Tele: 50 MP, G\u00f3c r\u1ed9ng: 50 MP<\/p>\n<\/td>\n<\/tr>\n<tr>\n<td>\n<p><strong>Camera tr\u01b0\u1edbc<\/strong><\/p>\n<\/td>\n<td>\n<p>32 MP<\/p>\n<\/td>\n<\/tr>\n<tr>\n<td>\n<p><strong>Pin<\/strong><\/p>\n<\/td>\n<td>\n<p>6150 mAh, s\u1ea1c nhanh 120W<\/p>\n<\/td>\n<\/tr>\n<tr>\n<td>\n<p><strong>\u00c2m thanh<\/strong><\/p>\n<\/td>\n<td>\n<p>Loa stereo, Hi-Res Audio, Snapdragon Sound<\/p>\n<\/td>\n<\/tr>\n<tr>\n<td>\n<p><strong>Kh\u1ea3 n\u0103ng ch\u1ed1ng n\u01b0\u1edbc<\/strong><\/p>\n<\/td>\n<td>\n<p>IP68\/IP69<\/p>\n<\/td>\n<\/tr>\n<tr>\n<td>\n<p><strong>M\u00e0u s\u1eafc<\/strong><\/p>\n<\/td>\n<td>\n<p>\u0110en, Xanh, B\u1ea1c, Tr\u1eafng (BMW M branding)<\/p>\n<\/td>\n<\/tr>\n<\/tbody>\n<\/table>\n<p>\u00a0<\/p>\n<p>IQOO 13 \u2013 Smartphone flagship hi\u1ec7u n\u0103ng \u0111\u1ec9nh, m\u00e0n l\u1edbn s\u1eafc n\u00e9ti<br \/>\nQOO 13 l\u00e0 chi\u1ebfc smartphone flagship n\u1ed5i b\u1eadt c\u1ee7a Vivo thu\u1ed9c d\u00f2ng iQOO, n\u1ed5i b\u1eadt v\u1edbi hi\u1ec7u n\u0103ng m\u1ea1nh m\u1ebd, m\u00e0n h\u00ecnh ch\u1ea5t l\u01b0\u1ee3ng cao v\u00e0 h\u1ec7 th\u1ed1ng camera \u0111a d\u1ee5ng \u2014 r\u1ea5t ph\u00f9 h\u1ee3p cho ng\u01b0\u1eddi d\u00f9ng y\u00eau c\u00f4ng ngh\u1ec7 Android mu\u1ed1n tr\u1ea3i nghi\u1ec7m to\u00e0n di\u1ec7n \u1edf ph\u00e2n kh\u00fac cao c\u1ea5p.M\u00e1y trang b\u1ecb m\u00e0n h\u00ecnh AMOLED 6.82 inch v\u1edbi \u0111\u1ed9 ph\u00e2n gi\u1ea3i 2K v\u00e0 t\u1ea7n s\u1ed1 qu\u00e9t 144\u202fHz, cho h\u00ecnh \u1ea3nh s\u1eafc n\u00e9t, m\u00e0u s\u1eafc s\u1ed1ng \u0111\u1ed9ng v\u00e0 tr\u1ea3i nghi\u1ec7m m\u01b0\u1ee3t m\u00e0 khi ch\u01a1i game hay xem phim. \u0110\u1ed9 s\u00e1ng cao gi\u00fap hi\u1ec3n th\u1ecb r\u00f5 r\u00e0ng ngay c\u1ea3 d\u01b0\u1edbi \u00e1nh n\u1eafng m\u1ea1nh.<br \/>\n<img loading=\"lazy\" decoding=\"async\" src=\"https:\/\/mobilezone.azdigi.shop\/wp-content\/uploads\/2026\/03\/vivo-iqoo-13-danh-gia-man-hinh-300x225.jpg\" alt=\"\" width=\"300\" height=\"225\" class=\"alignnone size-medium wp-image-539\" srcset=\"https:\/\/mobilezone.azdigi.shop\/wp-content\/uploads\/2026\/03\/vivo-iqoo-13-danh-gia-man-hinh-300x225.jpg 300w, https:\/\/mobilezone.azdigi.shop\/wp-content\/uploads\/2026\/03\/vivo-iqoo-13-danh-gia-man-hinh-1024x769.jpg 1024w, https:\/\/mobilezone.azdigi.shop\/wp-content\/uploads\/2026\/03\/vivo-iqoo-13-danh-gia-man-hinh-768x577.jpg 768w, https:\/\/mobilezone.azdigi.shop\/wp-content\/uploads\/2026\/03\/vivo-iqoo-13-danh-gia-man-hinh-600x450.jpg 600w, https:\/\/mobilezone.azdigi.shop\/wp-content\/uploads\/2026\/03\/vivo-iqoo-13-danh-gia-man-hinh.jpg 1500w\" sizes=\"auto, (max-width: 300px) 100vw, 300px\" \/><br \/>\nV\u1ec1 hi\u1ec7u n\u0103ng, iQOO 13 s\u1eed d\u1ee5ng chip Qualcomm Snapdragon 8 Elite \u2013 m\u1ed9t trong nh\u1eefng con chip flagship h\u00e0ng \u0111\u1ea7u hi\u1ec7n nay \u2014 k\u1ebft h\u1ee3p RAM l\u1edbn v\u00e0 b\u1ed9 nh\u1edb trong chu\u1ea9n UFS 4.1, gi\u00fap x\u1eed l\u00fd m\u1ecdi t\u00e1c v\u1ee5 t\u1eeb \u0111a nhi\u1ec7m, \u1ee9ng d\u1ee5ng n\u1eb7ng \u0111\u1ebfn game 3D ph\u1ee9c t\u1ea1p m\u1ed9t c\u00e1ch m\u01b0\u1ee3t m\u00e0.<br \/>\n<img loading=\"lazy\" decoding=\"async\" src=\"https:\/\/mobilezone.azdigi.shop\/wp-content\/uploads\/2026\/03\/vivo-iqoo-13-danh-gia-hieu-nang-300x225.jpg\" alt=\"\" width=\"300\" height=\"225\" class=\"alignnone size-medium wp-image-538\" srcset=\"https:\/\/mobilezone.azdigi.shop\/wp-content\/uploads\/2026\/03\/vivo-iqoo-13-danh-gia-hieu-nang-300x225.jpg 300w, https:\/\/mobilezone.azdigi.shop\/wp-content\/uploads\/2026\/03\/vivo-iqoo-13-danh-gia-hieu-nang-1024x769.jpg 1024w, https:\/\/mobilezone.azdigi.shop\/wp-content\/uploads\/2026\/03\/vivo-iqoo-13-danh-gia-hieu-nang-768x577.jpg 768w, https:\/\/mobilezone.azdigi.shop\/wp-content\/uploads\/2026\/03\/vivo-iqoo-13-danh-gia-hieu-nang-600x450.jpg 600w, https:\/\/mobilezone.azdigi.shop\/wp-content\/uploads\/2026\/03\/vivo-iqoo-13-danh-gia-hieu-nang.jpg 1500w\" sizes=\"auto, (max-width: 300px) 100vw, 300px\" \/><br \/>\nH\u1ec7 th\u1ed1ng camera sau g\u1ed3m 3 \u1ed1ng k\u00ednh 50\u202fMP cho ph\u00e9p ch\u1ee5p \u1ea3nh \u0111a d\u1ea1ng t\u1eeb g\u00f3c r\u1ed9ng, ch\u00e2n dung \u0111\u1ebfn zoom xa. Camera selfie 32\u202fMP h\u1ed7 tr\u1ee3 nhu c\u1ea7u ch\u1ee5p \u1ea3nh t\u1ef1 nhi\u00ean v\u00e0 g\u1ecdi video h\u00e0ng ng\u00e0y.<br \/>\n<img loading=\"lazy\" decoding=\"async\" src=\"https:\/\/mobilezone.azdigi.shop\/wp-content\/uploads\/2026\/03\/vivo-iqoo-13-danh-gia-camera-chinh-300x225.jpg\" alt=\"\" width=\"300\" height=\"225\" class=\"alignnone size-medium wp-image-540\" srcset=\"https:\/\/mobilezone.azdigi.shop\/wp-content\/uploads\/2026\/03\/vivo-iqoo-13-danh-gia-camera-chinh-300x225.jpg 300w, https:\/\/mobilezone.azdigi.shop\/wp-content\/uploads\/2026\/03\/vivo-iqoo-13-danh-gia-camera-chinh-1024x769.jpg 1024w, https:\/\/mobilezone.azdigi.shop\/wp-content\/uploads\/2026\/03\/vivo-iqoo-13-danh-gia-camera-chinh-768x577.jpg 768w, https:\/\/mobilezone.azdigi.shop\/wp-content\/uploads\/2026\/03\/vivo-iqoo-13-danh-gia-camera-chinh-600x450.jpg 600w, https:\/\/mobilezone.azdigi.shop\/wp-content\/uploads\/2026\/03\/vivo-iqoo-13-danh-gia-camera-chinh.jpg 1500w\" sizes=\"auto, (max-width: 300px) 100vw, 300px\" \/><br \/>\n<img loading=\"lazy\" decoding=\"async\" src=\"https:\/\/mobilezone.azdigi.shop\/wp-content\/uploads\/2026\/03\/vivo-iqoo-13-danh-gia-camera-selfie-300x225.jpg\" alt=\"\" width=\"300\" height=\"225\" class=\"alignnone size-medium wp-image-541\" srcset=\"https:\/\/mobilezone.azdigi.shop\/wp-content\/uploads\/2026\/03\/vivo-iqoo-13-danh-gia-camera-selfie-300x225.jpg 300w, https:\/\/mobilezone.azdigi.shop\/wp-content\/uploads\/2026\/03\/vivo-iqoo-13-danh-gia-camera-selfie-1024x769.jpg 1024w, https:\/\/mobilezone.azdigi.shop\/wp-content\/uploads\/2026\/03\/vivo-iqoo-13-danh-gia-camera-selfie-768x577.jpg 768w, https:\/\/mobilezone.azdigi.shop\/wp-content\/uploads\/2026\/03\/vivo-iqoo-13-danh-gia-camera-selfie-600x450.jpg 600w, https:\/\/mobilezone.azdigi.shop\/wp-content\/uploads\/2026\/03\/vivo-iqoo-13-danh-gia-camera-selfie.jpg 1500w\" sizes=\"auto, (max-width: 300px) 100vw, 300px\" \/><br \/>\n\u0110i\u1ec3m \u1ea5n t\u01b0\u1ee3ng kh\u00e1c c\u1ee7a iQOO 13 l\u00e0 pin dung l\u01b0\u1ee3ng l\u1edbn kho\u1ea3ng 6150\u202fmAh k\u1ebft h\u1ee3p s\u1ea1c nhanh 120\u202fW, cho th\u1eddi gian s\u1eed d\u1ee5ng c\u1ea3 ng\u00e0y d\u00e0i v\u00e0 kh\u1ea3 n\u0103ng n\u1ea1p pin nhanh ch\u00f3ng khi c\u1ea7n. M\u00e1y c\u00f2n c\u00f3 thi\u1ebft k\u1ebf cao c\u1ea5p, chu\u1ea9n kh\u00e1ng n\u01b0\u1edbc \u2013 b\u1ee5i IP68\/IP69 v\u00e0 c\u1ea3m bi\u1ebfn v\u00e2n tay si\u00eau \u00e2m d\u01b0\u1edbi m\u00e0n h\u00ecnh, t\u0103ng th\u00eam tr\u1ea3i nghi\u1ec7m s\u1eed d\u1ee5ng ti\u1ec7n l\u1ee3i.<br \/>\n<img loading=\"lazy\" decoding=\"async\" src=\"https:\/\/mobilezone.azdigi.shop\/wp-content\/uploads\/2026\/03\/vivo-iqoo-13-danh-gia-pin-sac-300x225.jpg\" alt=\"\" width=\"300\" height=\"225\" class=\"alignnone size-medium wp-image-542\" srcset=\"https:\/\/mobilezone.azdigi.shop\/wp-content\/uploads\/2026\/03\/vivo-iqoo-13-danh-gia-pin-sac-300x225.jpg 300w, https:\/\/mobilezone.azdigi.shop\/wp-content\/uploads\/2026\/03\/vivo-iqoo-13-danh-gia-pin-sac-1024x769.jpg 1024w, https:\/\/mobilezone.azdigi.shop\/wp-content\/uploads\/2026\/03\/vivo-iqoo-13-danh-gia-pin-sac-768x577.jpg 768w, https:\/\/mobilezone.azdigi.shop\/wp-content\/uploads\/2026\/03\/vivo-iqoo-13-danh-gia-pin-sac-600x450.jpg 600w, https:\/\/mobilezone.azdigi.shop\/wp-content\/uploads\/2026\/03\/vivo-iqoo-13-danh-gia-pin-sac.jpg 1500w\" sizes=\"auto, (max-width: 300px) 100vw, 300px\" \/><br \/>\nT\u1ed5ng k\u1ebft l\u1ea1i, iQOO 13 5G l\u00e0 chi\u1ebfc smartphone flagship Android to\u00e0n di\u1ec7n v\u1edbi hi\u1ec7u n\u0103ng m\u1ea1nh, m\u00e0n h\u00ecnh \u0111\u1eb9p, camera linh ho\u1ea1t c\u00f9ng pin b\u1ec1n \u2014 l\u1ef1a ch\u1ecdn \u0111\u00e1ng c\u00e2n nh\u1eafc cho ng\u01b0\u1eddi d\u00f9ng mu\u1ed1n m\u1ed9t thi\u1ebft b\u1ecb m\u1ea1nh m\u1ebd v\u00e0 \u1ed5n \u0111\u1ecbnh trong t\u1ea7m gi\u00e1.<\/p>\n","protected":false},"excerpt":{"rendered":"<p>Th\u00f4ng s\u1ed1 c\u1ea5u h\u00ecnh iQOO 13 5G ra m\u1eaft Th\u00e0nh ph\u1ea7n Th\u00f4ng s\u1ed1 chi ti\u1ebft M\u00e0n h\u00ecnh LTPO\u00a0AMOLED, 6.82 inch, 1440 x 3168 px,\u00a0144Hz,\u00a0HDR10+, 1800\u00a0nits Vi x\u1eed l\u00fd Snapdragon 8 Elite (3 nm) RAM 12GB\/16GB B\u1ed9 nh\u1edb trong 256GB\/512GB\/1TB UFS 4.0 Camera sau Ch\u00ednh: 50 MP, Tele: 50 MP, G\u00f3c r\u1ed9ng: 50 MP Camera tr\u01b0\u1edbc [&#8230;]\n","protected":false},"featured_media":729,"comment_status":"open","ping_status":"closed","template":"","meta":{"_acf_changed":false},"product_brand":[],"product_cat":[19],"product_tag":[],"class_list":{"0":"post-242","1":"product","2":"type-product","3":"status-publish","4":"has-post-thumbnail","6":"product_cat-iqoo","8":"first","9":"instock","10":"sale","11":"shipping-taxable","12":"purchasable","13":"product-type-variable","14":"has-default-attributes"},"acf":[],"yoast_head":"<!-- This site is optimized with the Yoast SEO plugin v26.9 - https:\/\/yoast.com\/product\/yoast-seo-wordpress\/ -->\n<title>IQOO 13 -<\/title>\n<meta name=\"description\" content=\"iQOO 13 5G s\u1edf h\u1eefu Snapdragon 8 Elite, m\u00e0n 6.82\u2033 2K 144Hz, h\u1ec7 th\u1ed1ng camera 50MP v\u00e0 pin 6150mAh. \u0110\u00e1nh gi\u00e1 chi ti\u1ebft hi\u1ec7u n\u0103ng, m\u00e0n h\u00ecnh v\u00e0 tr\u1ea3i nghi\u1ec7m.\" \/>\n<meta name=\"robots\" content=\"index, follow, max-snippet:-1, max-image-preview:large, max-video-preview:-1\" \/>\n<link rel=\"canonical\" href=\"https:\/\/mobilezone.azdigi.shop\/?product=iqoo-13-5g-danh-gia-cau-hinh-man-hinh-camera\" \/>\n<meta property=\"og:locale\" content=\"vi_VN\" \/>\n<meta property=\"og:type\" content=\"article\" \/>\n<meta property=\"og:title\" content=\"IQOO 13 -\" \/>\n<meta property=\"og:description\" content=\"iQOO 13 5G s\u1edf h\u1eefu Snapdragon 8 Elite, m\u00e0n 6.82\u2033 2K 144Hz, h\u1ec7 th\u1ed1ng camera 50MP v\u00e0 pin 6150mAh. \u0110\u00e1nh gi\u00e1 chi ti\u1ebft hi\u1ec7u n\u0103ng, m\u00e0n h\u00ecnh v\u00e0 tr\u1ea3i nghi\u1ec7m.\" \/>\n<meta property=\"og:url\" content=\"https:\/\/mobilezone.azdigi.shop\/?product=iqoo-13-5g-danh-gia-cau-hinh-man-hinh-camera\" \/>\n<meta property=\"article:modified_time\" content=\"2026-04-18T21:38:52+00:00\" \/>\n<meta property=\"og:image\" content=\"https:\/\/mobilezone.azdigi.shop\/wp-content\/uploads\/2026\/03\/vivo-iqoo-13-10-removebg-preview.png\" \/>\n\t<meta property=\"og:image:width\" content=\"500\" \/>\n\t<meta property=\"og:image:height\" content=\"500\" \/>\n\t<meta property=\"og:image:type\" content=\"image\/png\" \/>\n<meta name=\"twitter:card\" content=\"summary_large_image\" \/>\n<meta name=\"twitter:label1\" content=\"\u01af\u1edbc t\u00ednh th\u1eddi gian \u0111\u1ecdc\" \/>\n\t<meta name=\"twitter:data1\" content=\"4 ph\u00fat\" \/>\n<script type=\"application\/ld+json\" class=\"yoast-schema-graph\">{\"@context\":\"https:\/\/schema.org\",\"@graph\":[{\"@type\":\"WebPage\",\"@id\":\"https:\/\/mobilezone.azdigi.shop\/?product=iqoo-13-5g-danh-gia-cau-hinh-man-hinh-camera\",\"url\":\"https:\/\/mobilezone.azdigi.shop\/?product=iqoo-13-5g-danh-gia-cau-hinh-man-hinh-camera\",\"name\":\"IQOO 13 -\",\"isPartOf\":{\"@id\":\"https:\/\/mobilezone.azdigi.shop\/#website\"},\"primaryImageOfPage\":{\"@id\":\"https:\/\/mobilezone.azdigi.shop\/?product=iqoo-13-5g-danh-gia-cau-hinh-man-hinh-camera#primaryimage\"},\"image\":{\"@id\":\"https:\/\/mobilezone.azdigi.shop\/?product=iqoo-13-5g-danh-gia-cau-hinh-man-hinh-camera#primaryimage\"},\"thumbnailUrl\":\"https:\/\/mobilezone.azdigi.shop\/wp-content\/uploads\/2026\/03\/vivo-iqoo-13-10-removebg-preview.png\",\"datePublished\":\"2026-03-22T05:27:44+00:00\",\"dateModified\":\"2026-04-18T21:38:52+00:00\",\"description\":\"iQOO 13 5G s\u1edf h\u1eefu Snapdragon 8 Elite, m\u00e0n 6.82\u2033 2K 144Hz, h\u1ec7 th\u1ed1ng camera 50MP v\u00e0 pin 6150mAh. \u0110\u00e1nh gi\u00e1 chi ti\u1ebft hi\u1ec7u n\u0103ng, m\u00e0n h\u00ecnh v\u00e0 tr\u1ea3i nghi\u1ec7m.\",\"breadcrumb\":{\"@id\":\"https:\/\/mobilezone.azdigi.shop\/?product=iqoo-13-5g-danh-gia-cau-hinh-man-hinh-camera#breadcrumb\"},\"inLanguage\":\"vi\",\"potentialAction\":[{\"@type\":\"ReadAction\",\"target\":[\"https:\/\/mobilezone.azdigi.shop\/?product=iqoo-13-5g-danh-gia-cau-hinh-man-hinh-camera\"]}]},{\"@type\":\"ImageObject\",\"inLanguage\":\"vi\",\"@id\":\"https:\/\/mobilezone.azdigi.shop\/?product=iqoo-13-5g-danh-gia-cau-hinh-man-hinh-camera#primaryimage\",\"url\":\"https:\/\/mobilezone.azdigi.shop\/wp-content\/uploads\/2026\/03\/vivo-iqoo-13-10-removebg-preview.png\",\"contentUrl\":\"https:\/\/mobilezone.azdigi.shop\/wp-content\/uploads\/2026\/03\/vivo-iqoo-13-10-removebg-preview.png\",\"width\":500,\"height\":500},{\"@type\":\"BreadcrumbList\",\"@id\":\"https:\/\/mobilezone.azdigi.shop\/?product=iqoo-13-5g-danh-gia-cau-hinh-man-hinh-camera#breadcrumb\",\"itemListElement\":[{\"@type\":\"ListItem\",\"position\":1,\"name\":\"Trang ch\u1ee7\",\"item\":\"https:\/\/mobilezone.azdigi.shop\/\"},{\"@type\":\"ListItem\",\"position\":2,\"name\":\"Danh m\u1ee5c s\u1ea3n ph\u1ea9m\",\"item\":\"https:\/\/mobilezone.azdigi.shop\/?page_id=7\"},{\"@type\":\"ListItem\",\"position\":3,\"name\":\"IQOO 13\"}]},{\"@type\":\"WebSite\",\"@id\":\"https:\/\/mobilezone.azdigi.shop\/#website\",\"url\":\"https:\/\/mobilezone.azdigi.shop\/\",\"name\":\"\",\"description\":\"\",\"potentialAction\":[{\"@type\":\"SearchAction\",\"target\":{\"@type\":\"EntryPoint\",\"urlTemplate\":\"https:\/\/mobilezone.azdigi.shop\/?s={search_term_string}\"},\"query-input\":{\"@type\":\"PropertyValueSpecification\",\"valueRequired\":true,\"valueName\":\"search_term_string\"}}],\"inLanguage\":\"vi\"}]}<\/script>\n<!-- \/ Yoast SEO plugin. -->","yoast_head_json":{"title":"IQOO 13 -","description":"iQOO 13 5G s\u1edf h\u1eefu Snapdragon 8 Elite, m\u00e0n 6.82\u2033 2K 144Hz, h\u1ec7 th\u1ed1ng camera 50MP v\u00e0 pin 6150mAh. \u0110\u00e1nh gi\u00e1 chi ti\u1ebft hi\u1ec7u n\u0103ng, m\u00e0n h\u00ecnh v\u00e0 tr\u1ea3i nghi\u1ec7m.","robots":{"index":"index","follow":"follow","max-snippet":"max-snippet:-1","max-image-preview":"max-image-preview:large","max-video-preview":"max-video-preview:-1"},"canonical":"https:\/\/mobilezone.azdigi.shop\/?product=iqoo-13-5g-danh-gia-cau-hinh-man-hinh-camera","og_locale":"vi_VN","og_type":"article","og_title":"IQOO 13 -","og_description":"iQOO 13 5G s\u1edf h\u1eefu Snapdragon 8 Elite, m\u00e0n 6.82\u2033 2K 144Hz, h\u1ec7 th\u1ed1ng camera 50MP v\u00e0 pin 6150mAh. \u0110\u00e1nh gi\u00e1 chi ti\u1ebft hi\u1ec7u n\u0103ng, m\u00e0n h\u00ecnh v\u00e0 tr\u1ea3i nghi\u1ec7m.","og_url":"https:\/\/mobilezone.azdigi.shop\/?product=iqoo-13-5g-danh-gia-cau-hinh-man-hinh-camera","article_modified_time":"2026-04-18T21:38:52+00:00","og_image":[{"width":500,"height":500,"url":"https:\/\/mobilezone.azdigi.shop\/wp-content\/uploads\/2026\/03\/vivo-iqoo-13-10-removebg-preview.png","type":"image\/png"}],"twitter_card":"summary_large_image","twitter_misc":{"\u01af\u1edbc t\u00ednh th\u1eddi gian \u0111\u1ecdc":"4 ph\u00fat"},"schema":{"@context":"https:\/\/schema.org","@graph":[{"@type":"WebPage","@id":"https:\/\/mobilezone.azdigi.shop\/?product=iqoo-13-5g-danh-gia-cau-hinh-man-hinh-camera","url":"https:\/\/mobilezone.azdigi.shop\/?product=iqoo-13-5g-danh-gia-cau-hinh-man-hinh-camera","name":"IQOO 13 -","isPartOf":{"@id":"https:\/\/mobilezone.azdigi.shop\/#website"},"primaryImageOfPage":{"@id":"https:\/\/mobilezone.azdigi.shop\/?product=iqoo-13-5g-danh-gia-cau-hinh-man-hinh-camera#primaryimage"},"image":{"@id":"https:\/\/mobilezone.azdigi.shop\/?product=iqoo-13-5g-danh-gia-cau-hinh-man-hinh-camera#primaryimage"},"thumbnailUrl":"https:\/\/mobilezone.azdigi.shop\/wp-content\/uploads\/2026\/03\/vivo-iqoo-13-10-removebg-preview.png","datePublished":"2026-03-22T05:27:44+00:00","dateModified":"2026-04-18T21:38:52+00:00","description":"iQOO 13 5G s\u1edf h\u1eefu Snapdragon 8 Elite, m\u00e0n 6.82\u2033 2K 144Hz, h\u1ec7 th\u1ed1ng camera 50MP v\u00e0 pin 6150mAh. \u0110\u00e1nh gi\u00e1 chi ti\u1ebft hi\u1ec7u n\u0103ng, m\u00e0n h\u00ecnh v\u00e0 tr\u1ea3i nghi\u1ec7m.","breadcrumb":{"@id":"https:\/\/mobilezone.azdigi.shop\/?product=iqoo-13-5g-danh-gia-cau-hinh-man-hinh-camera#breadcrumb"},"inLanguage":"vi","potentialAction":[{"@type":"ReadAction","target":["https:\/\/mobilezone.azdigi.shop\/?product=iqoo-13-5g-danh-gia-cau-hinh-man-hinh-camera"]}]},{"@type":"ImageObject","inLanguage":"vi","@id":"https:\/\/mobilezone.azdigi.shop\/?product=iqoo-13-5g-danh-gia-cau-hinh-man-hinh-camera#primaryimage","url":"https:\/\/mobilezone.azdigi.shop\/wp-content\/uploads\/2026\/03\/vivo-iqoo-13-10-removebg-preview.png","contentUrl":"https:\/\/mobilezone.azdigi.shop\/wp-content\/uploads\/2026\/03\/vivo-iqoo-13-10-removebg-preview.png","width":500,"height":500},{"@type":"BreadcrumbList","@id":"https:\/\/mobilezone.azdigi.shop\/?product=iqoo-13-5g-danh-gia-cau-hinh-man-hinh-camera#breadcrumb","itemListElement":[{"@type":"ListItem","position":1,"name":"Trang ch\u1ee7","item":"https:\/\/mobilezone.azdigi.shop\/"},{"@type":"ListItem","position":2,"name":"Danh m\u1ee5c s\u1ea3n ph\u1ea9m","item":"https:\/\/mobilezone.azdigi.shop\/?page_id=7"},{"@type":"ListItem","position":3,"name":"IQOO 13"}]},{"@type":"WebSite","@id":"https:\/\/mobilezone.azdigi.shop\/#website","url":"https:\/\/mobilezone.azdigi.shop\/","name":"","description":"","potentialAction":[{"@type":"SearchAction","target":{"@type":"EntryPoint","urlTemplate":"https:\/\/mobilezone.azdigi.shop\/?s={search_term_string}"},"query-input":{"@type":"PropertyValueSpecification","valueRequired":true,"valueName":"search_term_string"}}],"inLanguage":"vi"}]}},"_links":{"self":[{"href":"https:\/\/mobilezone.azdigi.shop\/index.php?rest_route=\/wp\/v2\/product\/242","targetHints":{"allow":["GET"]}}],"collection":[{"href":"https:\/\/mobilezone.azdigi.shop\/index.php?rest_route=\/wp\/v2\/product"}],"about":[{"href":"https:\/\/mobilezone.azdigi.shop\/index.php?rest_route=\/wp\/v2\/types\/product"}],"replies":[{"embeddable":true,"href":"https:\/\/mobilezone.azdigi.shop\/index.php?rest_route=%2Fwp%2Fv2%2Fcomments&post=242"}],"wp:featuredmedia":[{"embeddable":true,"href":"https:\/\/mobilezone.azdigi.shop\/index.php?rest_route=\/wp\/v2\/media\/729"}],"wp:attachment":[{"href":"https:\/\/mobilezone.azdigi.shop\/index.php?rest_route=%2Fwp%2Fv2%2Fmedia&parent=242"}],"wp:term":[{"taxonomy":"product_brand","embeddable":true,"href":"https:\/\/mobilezone.azdigi.shop\/index.php?rest_route=%2Fwp%2Fv2%2Fproduct_brand&post=242"},{"taxonomy":"product_cat","embeddable":true,"href":"https:\/\/mobilezone.azdigi.shop\/index.php?rest_route=%2Fwp%2Fv2%2Fproduct_cat&post=242"},{"taxonomy":"product_tag","embeddable":true,"href":"https:\/\/mobilezone.azdigi.shop\/index.php?rest_route=%2Fwp%2Fv2%2Fproduct_tag&post=242"}],"curies":[{"name":"wp","href":"https:\/\/api.w.org\/{rel}","templated":true}]}}